{"id":5766,"date":"2019-02-28T14:30:53","date_gmt":"2019-02-28T13:30:53","guid":{"rendered":"http:\/\/www.sp1nowysacz.pl\/?page_id=5766"},"modified":"2026-03-04T20:50:21","modified_gmt":"2026-03-04T19:50:21","slug":"kontakt","status":"publish","type":"page","link":"https:\/\/www.sp1nowysacz.pl\/index.php\/kontakt\/","title":{"rendered":"Kontakt"},"content":{"rendered":"<p style=\"text-align: center;\"><strong>Zesp\u00f3\u0142 Szkolno &#8211; Przedszkolny nr 4<\/strong><\/p>\n<p style=\"text-align: center;\"><strong>Szko\u0142a Podstawowa nr 1 im. Adama Mickiewicza<\/strong><\/p>\n<p style=\"text-align: center;\"><strong>Miejskie Przedszkole nr 8<\/strong><\/p>\n<p><strong>Adres:<\/strong> ul. D\u0142ugosza 2, 33-300 Nowy S\u0105cz<\/p>\n<p><strong>tel:<\/strong>\u00a0 18 442 09 01<\/p>\n<p><strong>email:<\/strong> sp1@edu.nowysacz.pl<\/p>\n<p><strong>Adres do e-Dor\u0119cze\u0144<\/strong> AE:PL-48884-60973-HHFHR-31<\/p>\n<p><strong>ePUAP<\/strong>:\u00a0 ZSP4NowySacz<\/p>\n<p><iframe title=\"ul. D\u0142ugosza 2, 33-300 Nowy S\u0105cz\" src=\"https:\/\/maps.google.com\/maps?q=ul.%20D%C5%82ugosza%202%2C%2033-300%20Nowy%20S%C4%85cz&amp;t=m&amp;z=18&amp;output=embed&amp;iwloc=near\" aria-label=\"ul. D\u0142ugosza 2, 33-300 Nowy S\u0105cz\"><\/iframe><\/p>\n<div class=\"gsp_post_data\" data-post_type=\"page\" data-cat=\"\" data-modified=\"120\" data-title=\"Kontakt\" data-home=\"https:\/\/www.sp1nowysacz.pl\"><\/div>","protected":false},"excerpt":{"rendered":"<p>Zesp\u00f3\u0142 Szkolno &#8211; Przedszkolny nr 4 Szko\u0142a Podstawowa nr 1 im. Adama Mickiewicza Miejskie Przedszkole nr 8 Adres: ul. D\u0142ugosza 2, 33-300 Nowy S\u0105cz tel:\u00a0 18 442 09 01 email: sp1@edu.nowysacz.pl Adres do e-Dor\u0119cze\u0144 AE:PL-48884-60973-HHFHR-31 ePUAP:\u00a0 ZSP4NowySacz<\/p>\n","protected":false},"author":3,"featured_media":0,"parent":0,"menu_order":0,"comment_status":"closed","ping_status":"closed","template":"","meta":{"footnotes":""},"class_list":["post-5766","page","type-page","status-publish","hentry"],"yoast_head":"<!-- This site is optimized with the Yoast SEO plugin v27.0 - https:\/\/yoast.com\/product\/yoast-seo-wordpress\/ -->\n<title>Kontakt &#8226; Szko\u0142a Podstawowa nr 1 w Nowym S\u0105czu<\/title>\n<meta name=\"robots\" content=\"index, follow, max-snippet:-1, max-image-preview:large, max-video-preview:-1\" \/>\n<link rel=\"canonical\" href=\"https:\/\/www.sp1nowysacz.pl\/index.php\/kontakt\/\" \/>\n<meta property=\"og:locale\" content=\"pl_PL\" \/>\n<meta property=\"og:type\" content=\"article\" \/>\n<meta property=\"og:title\" content=\"Kontakt &#8226; Szko\u0142a Podstawowa nr 1 w Nowym S\u0105czu\" \/>\n<meta property=\"og:description\" content=\"Zesp\u00f3\u0142 Szkolno &#8211; Przedszkolny nr 4 Szko\u0142a Podstawowa nr 1 im. Adama Mickiewicza Miejskie Przedszkole nr 8 Adres: ul. D\u0142ugosza 2, 33-300 Nowy S\u0105cz tel:\u00a0 18 442 09 01 email: sp1@edu.nowysacz.pl Adres do e-Dor\u0119cze\u0144 AE:PL-48884-60973-HHFHR-31 ePUAP:\u00a0 ZSP4NowySacz\" \/>\n<meta property=\"og:url\" content=\"https:\/\/www.sp1nowysacz.pl\/index.php\/kontakt\/\" \/>\n<meta property=\"og:site_name\" content=\"Szko\u0142a Podstawowa nr 1 w Nowym S\u0105czu\" \/>\n<meta property=\"article:publisher\" content=\"https:\/\/pl-pl.facebook.com\/sp1nowysacz\/\" \/>\n<meta property=\"article:modified_time\" content=\"2026-03-04T19:50:21+00:00\" \/>\n<meta name=\"twitter:card\" content=\"summary_large_image\" \/>\n<meta name=\"twitter:label1\" content=\"Szacowany czas czytania\" \/>\n\t<meta name=\"twitter:data1\" content=\"1 minuta\" \/>\n<script type=\"application\/ld+json\" class=\"yoast-schema-graph\">{\"@context\":\"https:\/\/schema.org\",\"@graph\":[{\"@type\":\"WebPage\",\"@id\":\"https:\/\/www.sp1nowysacz.pl\/index.php\/kontakt\/\",\"url\":\"https:\/\/www.sp1nowysacz.pl\/index.php\/kontakt\/\",\"name\":\"Kontakt &#8226; Szko\u0142a Podstawowa nr 1 w Nowym S\u0105czu\",\"isPartOf\":{\"@id\":\"https:\/\/www.sp1nowysacz.pl\/#website\"},\"datePublished\":\"2019-02-28T13:30:53+00:00\",\"dateModified\":\"2026-03-04T19:50:21+00:00\",\"breadcrumb\":{\"@id\":\"https:\/\/www.sp1nowysacz.pl\/index.php\/kontakt\/#breadcrumb\"},\"inLanguage\":\"pl-PL\",\"potentialAction\":[{\"@type\":\"ReadAction\",\"target\":[\"https:\/\/www.sp1nowysacz.pl\/index.php\/kontakt\/\"]}]},{\"@type\":\"BreadcrumbList\",\"@id\":\"https:\/\/www.sp1nowysacz.pl\/index.php\/kontakt\/#breadcrumb\",\"itemListElement\":[{\"@type\":\"ListItem\",\"position\":1,\"name\":\"Strona g\u0142\u00f3wna\",\"item\":\"https:\/\/www.sp1nowysacz.pl\/\"},{\"@type\":\"ListItem\",\"position\":2,\"name\":\"Kontakt\"}]},{\"@type\":\"WebSite\",\"@id\":\"https:\/\/www.sp1nowysacz.pl\/#website\",\"url\":\"https:\/\/www.sp1nowysacz.pl\/\",\"name\":\"Szko\u0142a Podstawowa nr 1 w Nowym S\u0105czu\",\"description\":\"sp1 Nowy S\u0105cz\",\"publisher\":{\"@id\":\"https:\/\/www.sp1nowysacz.pl\/#organization\"},\"potentialAction\":[{\"@type\":\"SearchAction\",\"target\":{\"@type\":\"EntryPoint\",\"urlTemplate\":\"https:\/\/www.sp1nowysacz.pl\/?s={search_term_string}\"},\"query-input\":{\"@type\":\"PropertyValueSpecification\",\"valueRequired\":true,\"valueName\":\"search_term_string\"}}],\"inLanguage\":\"pl-PL\"},{\"@type\":\"Organization\",\"@id\":\"https:\/\/www.sp1nowysacz.pl\/#organization\",\"name\":\"Zesp\u00f3\u0142 Szkolno-Przedszkolny nr 4 w Nowym S\u0105czu,Szko\u0142a Podstawowa nr 1 w Nowym S\u0105czu\",\"url\":\"https:\/\/www.sp1nowysacz.pl\/\",\"logo\":{\"@type\":\"ImageObject\",\"inLanguage\":\"pl-PL\",\"@id\":\"https:\/\/www.sp1nowysacz.pl\/#\/schema\/logo\/image\/\",\"url\":\"https:\/\/www.sp1nowysacz.pl\/wp-content\/uploads\/2021\/09\/cropped-szyld-Recovered-1-scaled-1.jpg\",\"contentUrl\":\"https:\/\/www.sp1nowysacz.pl\/wp-content\/uploads\/2021\/09\/cropped-szyld-Recovered-1-scaled-1.jpg\",\"width\":1600,\"height\":266,\"caption\":\"Zesp\u00f3\u0142 Szkolno-Przedszkolny nr 4 w Nowym S\u0105czu,Szko\u0142a Podstawowa nr 1 w Nowym S\u0105czu\"},\"image\":{\"@id\":\"https:\/\/www.sp1nowysacz.pl\/#\/schema\/logo\/image\/\"},\"sameAs\":[\"https:\/\/pl-pl.facebook.com\/sp1nowysacz\/\"]}]}<\/script>\n<!-- \/ Yoast SEO plugin. -->","yoast_head_json":{"title":"Kontakt &#8226; Szko\u0142a Podstawowa nr 1 w Nowym S\u0105czu","robots":{"index":"index","follow":"follow","max-snippet":"max-snippet:-1","max-image-preview":"max-image-preview:large","max-video-preview":"max-video-preview:-1"},"canonical":"https:\/\/www.sp1nowysacz.pl\/index.php\/kontakt\/","og_locale":"pl_PL","og_type":"article","og_title":"Kontakt &#8226; Szko\u0142a Podstawowa nr 1 w Nowym S\u0105czu","og_description":"Zesp\u00f3\u0142 Szkolno &#8211; Przedszkolny nr 4 Szko\u0142a Podstawowa nr 1 im. Adama Mickiewicza Miejskie Przedszkole nr 8 Adres: ul. D\u0142ugosza 2, 33-300 Nowy S\u0105cz tel:\u00a0 18 442 09 01 email: sp1@edu.nowysacz.pl Adres do e-Dor\u0119cze\u0144 AE:PL-48884-60973-HHFHR-31 ePUAP:\u00a0 ZSP4NowySacz","og_url":"https:\/\/www.sp1nowysacz.pl\/index.php\/kontakt\/","og_site_name":"Szko\u0142a Podstawowa nr 1 w Nowym S\u0105czu","article_publisher":"https:\/\/pl-pl.facebook.com\/sp1nowysacz\/","article_modified_time":"2026-03-04T19:50:21+00:00","twitter_card":"summary_large_image","twitter_misc":{"Szacowany czas czytania":"1 minuta"},"schema":{"@context":"https:\/\/schema.org","@graph":[{"@type":"WebPage","@id":"https:\/\/www.sp1nowysacz.pl\/index.php\/kontakt\/","url":"https:\/\/www.sp1nowysacz.pl\/index.php\/kontakt\/","name":"Kontakt &#8226; Szko\u0142a Podstawowa nr 1 w Nowym S\u0105czu","isPartOf":{"@id":"https:\/\/www.sp1nowysacz.pl\/#website"},"datePublished":"2019-02-28T13:30:53+00:00","dateModified":"2026-03-04T19:50:21+00:00","breadcrumb":{"@id":"https:\/\/www.sp1nowysacz.pl\/index.php\/kontakt\/#breadcrumb"},"inLanguage":"pl-PL","potentialAction":[{"@type":"ReadAction","target":["https:\/\/www.sp1nowysacz.pl\/index.php\/kontakt\/"]}]},{"@type":"BreadcrumbList","@id":"https:\/\/www.sp1nowysacz.pl\/index.php\/kontakt\/#breadcrumb","itemListElement":[{"@type":"ListItem","position":1,"name":"Strona g\u0142\u00f3wna","item":"https:\/\/www.sp1nowysacz.pl\/"},{"@type":"ListItem","position":2,"name":"Kontakt"}]},{"@type":"WebSite","@id":"https:\/\/www.sp1nowysacz.pl\/#website","url":"https:\/\/www.sp1nowysacz.pl\/","name":"Szko\u0142a Podstawowa nr 1 w Nowym S\u0105czu","description":"sp1 Nowy S\u0105cz","publisher":{"@id":"https:\/\/www.sp1nowysacz.pl\/#organization"},"potentialAction":[{"@type":"SearchAction","target":{"@type":"EntryPoint","urlTemplate":"https:\/\/www.sp1nowysacz.pl\/?s={search_term_string}"},"query-input":{"@type":"PropertyValueSpecification","valueRequired":true,"valueName":"search_term_string"}}],"inLanguage":"pl-PL"},{"@type":"Organization","@id":"https:\/\/www.sp1nowysacz.pl\/#organization","name":"Zesp\u00f3\u0142 Szkolno-Przedszkolny nr 4 w Nowym S\u0105czu,Szko\u0142a Podstawowa nr 1 w Nowym S\u0105czu","url":"https:\/\/www.sp1nowysacz.pl\/","logo":{"@type":"ImageObject","inLanguage":"pl-PL","@id":"https:\/\/www.sp1nowysacz.pl\/#\/schema\/logo\/image\/","url":"https:\/\/www.sp1nowysacz.pl\/wp-content\/uploads\/2021\/09\/cropped-szyld-Recovered-1-scaled-1.jpg","contentUrl":"https:\/\/www.sp1nowysacz.pl\/wp-content\/uploads\/2021\/09\/cropped-szyld-Recovered-1-scaled-1.jpg","width":1600,"height":266,"caption":"Zesp\u00f3\u0142 Szkolno-Przedszkolny nr 4 w Nowym S\u0105czu,Szko\u0142a Podstawowa nr 1 w Nowym S\u0105czu"},"image":{"@id":"https:\/\/www.sp1nowysacz.pl\/#\/schema\/logo\/image\/"},"sameAs":["https:\/\/pl-pl.facebook.com\/sp1nowysacz\/"]}]}},"_links":{"self":[{"href":"https:\/\/www.sp1nowysacz.pl\/index.php\/wp-json\/wp\/v2\/pages\/5766","targetHints":{"allow":["GET"]}}],"collection":[{"href":"https:\/\/www.sp1nowysacz.pl\/index.php\/wp-json\/wp\/v2\/pages"}],"about":[{"href":"https:\/\/www.sp1nowysacz.pl\/index.php\/wp-json\/wp\/v2\/types\/page"}],"author":[{"embeddable":true,"href":"https:\/\/www.sp1nowysacz.pl\/index.php\/wp-json\/wp\/v2\/users\/3"}],"replies":[{"embeddable":true,"href":"https:\/\/www.sp1nowysacz.pl\/index.php\/wp-json\/wp\/v2\/comments?post=5766"}],"version-history":[{"count":1,"href":"https:\/\/www.sp1nowysacz.pl\/index.php\/wp-json\/wp\/v2\/pages\/5766\/revisions"}],"predecessor-version":[{"id":35967,"href":"https:\/\/www.sp1nowysacz.pl\/index.php\/wp-json\/wp\/v2\/pages\/5766\/revisions\/35967"}],"wp:attachment":[{"href":"https:\/\/www.sp1nowysacz.pl\/index.php\/wp-json\/wp\/v2\/media?parent=5766"}],"curies":[{"name":"wp","href":"https:\/\/api.w.org\/{rel}","templated":true}]}}