{"id":5726,"date":"2019-02-28T12:23:43","date_gmt":"2019-02-28T11:23:43","guid":{"rendered":"http:\/\/www.sp1nowysacz.pl\/?page_id=5726"},"modified":"2026-02-21T14:31:29","modified_gmt":"2026-02-21T13:31:29","slug":"rekrutacja-2019-2020","status":"publish","type":"page","link":"https:\/\/www.sp1nowysacz.pl\/index.php\/rekrutacja-2019-2020\/","title":{"rendered":"Rekrutacja 2026\/2027"},"content":{"rendered":"<p style=\"text-align: center;\"><img loading=\"lazy\" decoding=\"async\" class=\"alignnone wp-image-29860\" src=\"https:\/\/www.sp1nowysacz.pl\/wp-content\/uploads\/2024\/02\/rekrutacja-obrazek-300x162.jpg\" alt=\"\" width=\"457\" height=\"247\" srcset=\"https:\/\/www.sp1nowysacz.pl\/wp-content\/uploads\/2024\/02\/rekrutacja-obrazek-300x162.jpg 300w, https:\/\/www.sp1nowysacz.pl\/wp-content\/uploads\/2024\/02\/rekrutacja-obrazek-768x416.jpg 768w, https:\/\/www.sp1nowysacz.pl\/wp-content\/uploads\/2024\/02\/rekrutacja-obrazek.jpg 900w\" sizes=\"auto, (max-width: 457px) 100vw, 457px\" \/><\/p>\n<ul>\n<li style=\"text-align: left;\"><span style=\"font-size: 14pt;\">\u00a0Dokumenty niezb\u0119dne w procesie rekrutacji dost\u0119pne w odpowiednich zak\u0142adkach\u00a0<\/span><\/li>\n<\/ul>\n<p>&nbsp;<\/p>\n<div class=\"gsp_post_data\" data-post_type=\"page\" data-cat=\"\" data-modified=\"120\" data-title=\"Rekrutacja 2026\/2027\" data-home=\"https:\/\/www.sp1nowysacz.pl\"><\/div>","protected":false},"excerpt":{"rendered":"<p>\u00a0Dokumenty niezb\u0119dne w procesie rekrutacji dost\u0119pne w odpowiednich zak\u0142adkach\u00a0 &nbsp;<\/p>\n","protected":false},"author":3,"featured_media":0,"parent":0,"menu_order":0,"comment_status":"closed","ping_status":"closed","template":"","meta":{"footnotes":""},"class_list":["post-5726","page","type-page","status-publish","hentry"],"yoast_head":"<!-- This site is optimized with the Yoast SEO plugin v27.0 - https:\/\/yoast.com\/product\/yoast-seo-wordpress\/ -->\n<title>Rekrutacja 2026\/2027 &#8226; Szko\u0142a Podstawowa nr 1 w Nowym S\u0105czu<\/title>\n<meta name=\"robots\" content=\"index, follow, max-snippet:-1, max-image-preview:large, max-video-preview:-1\" \/>\n<link rel=\"canonical\" href=\"https:\/\/www.sp1nowysacz.pl\/index.php\/rekrutacja-2019-2020\/\" \/>\n<meta property=\"og:locale\" content=\"pl_PL\" \/>\n<meta property=\"og:type\" content=\"article\" \/>\n<meta property=\"og:title\" content=\"Rekrutacja 2026\/2027 &#8226; Szko\u0142a Podstawowa nr 1 w Nowym S\u0105czu\" \/>\n<meta property=\"og:description\" content=\"\u00a0Dokumenty niezb\u0119dne w procesie rekrutacji dost\u0119pne w odpowiednich zak\u0142adkach\u00a0 &nbsp;\" \/>\n<meta property=\"og:url\" content=\"https:\/\/www.sp1nowysacz.pl\/index.php\/rekrutacja-2019-2020\/\" \/>\n<meta property=\"og:site_name\" content=\"Szko\u0142a Podstawowa nr 1 w Nowym S\u0105czu\" \/>\n<meta property=\"article:publisher\" content=\"https:\/\/pl-pl.facebook.com\/sp1nowysacz\/\" \/>\n<meta property=\"article:modified_time\" content=\"2026-02-21T13:31:29+00:00\" \/>\n<meta property=\"og:image\" content=\"https:\/\/www.sp1nowysacz.pl\/wp-content\/uploads\/2024\/02\/rekrutacja-obrazek.jpg\" \/>\n\t<meta property=\"og:image:width\" content=\"900\" \/>\n\t<meta property=\"og:image:height\" content=\"487\" \/>\n\t<meta property=\"og:image:type\" content=\"image\/jpeg\" \/>\n<meta name=\"twitter:card\" content=\"summary_large_image\" \/>\n<meta name=\"twitter:label1\" content=\"Szacowany czas czytania\" \/>\n\t<meta name=\"twitter:data1\" content=\"1 minuta\" \/>\n<script type=\"application\/ld+json\" class=\"yoast-schema-graph\">{\"@context\":\"https:\/\/schema.org\",\"@graph\":[{\"@type\":\"WebPage\",\"@id\":\"https:\/\/www.sp1nowysacz.pl\/index.php\/rekrutacja-2019-2020\/\",\"url\":\"https:\/\/www.sp1nowysacz.pl\/index.php\/rekrutacja-2019-2020\/\",\"name\":\"Rekrutacja 2026\/2027 &#8226; Szko\u0142a Podstawowa nr 1 w Nowym S\u0105czu\",\"isPartOf\":{\"@id\":\"https:\/\/www.sp1nowysacz.pl\/#website\"},\"primaryImageOfPage\":{\"@id\":\"https:\/\/www.sp1nowysacz.pl\/index.php\/rekrutacja-2019-2020\/#primaryimage\"},\"image\":{\"@id\":\"https:\/\/www.sp1nowysacz.pl\/index.php\/rekrutacja-2019-2020\/#primaryimage\"},\"thumbnailUrl\":\"https:\/\/www.sp1nowysacz.pl\/wp-content\/uploads\/2024\/02\/rekrutacja-obrazek-300x162.jpg\",\"datePublished\":\"2019-02-28T11:23:43+00:00\",\"dateModified\":\"2026-02-21T13:31:29+00:00\",\"breadcrumb\":{\"@id\":\"https:\/\/www.sp1nowysacz.pl\/index.php\/rekrutacja-2019-2020\/#breadcrumb\"},\"inLanguage\":\"pl-PL\",\"potentialAction\":[{\"@type\":\"ReadAction\",\"target\":[\"https:\/\/www.sp1nowysacz.pl\/index.php\/rekrutacja-2019-2020\/\"]}]},{\"@type\":\"ImageObject\",\"inLanguage\":\"pl-PL\",\"@id\":\"https:\/\/www.sp1nowysacz.pl\/index.php\/rekrutacja-2019-2020\/#primaryimage\",\"url\":\"https:\/\/www.sp1nowysacz.pl\/wp-content\/uploads\/2024\/02\/rekrutacja-obrazek.jpg\",\"contentUrl\":\"https:\/\/www.sp1nowysacz.pl\/wp-content\/uploads\/2024\/02\/rekrutacja-obrazek.jpg\",\"width\":900,\"height\":487},{\"@type\":\"BreadcrumbList\",\"@id\":\"https:\/\/www.sp1nowysacz.pl\/index.php\/rekrutacja-2019-2020\/#breadcrumb\",\"itemListElement\":[{\"@type\":\"ListItem\",\"position\":1,\"name\":\"Strona g\u0142\u00f3wna\",\"item\":\"https:\/\/www.sp1nowysacz.pl\/\"},{\"@type\":\"ListItem\",\"position\":2,\"name\":\"Rekrutacja 2026\/2027\"}]},{\"@type\":\"WebSite\",\"@id\":\"https:\/\/www.sp1nowysacz.pl\/#website\",\"url\":\"https:\/\/www.sp1nowysacz.pl\/\",\"name\":\"Szko\u0142a Podstawowa nr 1 w Nowym S\u0105czu\",\"description\":\"sp1 Nowy S\u0105cz\",\"publisher\":{\"@id\":\"https:\/\/www.sp1nowysacz.pl\/#organization\"},\"potentialAction\":[{\"@type\":\"SearchAction\",\"target\":{\"@type\":\"EntryPoint\",\"urlTemplate\":\"https:\/\/www.sp1nowysacz.pl\/?s={search_term_string}\"},\"query-input\":{\"@type\":\"PropertyValueSpecification\",\"valueRequired\":true,\"valueName\":\"search_term_string\"}}],\"inLanguage\":\"pl-PL\"},{\"@type\":\"Organization\",\"@id\":\"https:\/\/www.sp1nowysacz.pl\/#organization\",\"name\":\"Zesp\u00f3\u0142 Szkolno-Przedszkolny nr 4 w Nowym S\u0105czu,Szko\u0142a Podstawowa nr 1 w Nowym S\u0105czu\",\"url\":\"https:\/\/www.sp1nowysacz.pl\/\",\"logo\":{\"@type\":\"ImageObject\",\"inLanguage\":\"pl-PL\",\"@id\":\"https:\/\/www.sp1nowysacz.pl\/#\/schema\/logo\/image\/\",\"url\":\"https:\/\/www.sp1nowysacz.pl\/wp-content\/uploads\/2021\/09\/cropped-szyld-Recovered-1-scaled-1.jpg\",\"contentUrl\":\"https:\/\/www.sp1nowysacz.pl\/wp-content\/uploads\/2021\/09\/cropped-szyld-Recovered-1-scaled-1.jpg\",\"width\":1600,\"height\":266,\"caption\":\"Zesp\u00f3\u0142 Szkolno-Przedszkolny nr 4 w Nowym S\u0105czu,Szko\u0142a Podstawowa nr 1 w Nowym S\u0105czu\"},\"image\":{\"@id\":\"https:\/\/www.sp1nowysacz.pl\/#\/schema\/logo\/image\/\"},\"sameAs\":[\"https:\/\/pl-pl.facebook.com\/sp1nowysacz\/\"]}]}<\/script>\n<!-- \/ Yoast SEO plugin. -->","yoast_head_json":{"title":"Rekrutacja 2026\/2027 &#8226; Szko\u0142a Podstawowa nr 1 w Nowym S\u0105czu","robots":{"index":"index","follow":"follow","max-snippet":"max-snippet:-1","max-image-preview":"max-image-preview:large","max-video-preview":"max-video-preview:-1"},"canonical":"https:\/\/www.sp1nowysacz.pl\/index.php\/rekrutacja-2019-2020\/","og_locale":"pl_PL","og_type":"article","og_title":"Rekrutacja 2026\/2027 &#8226; Szko\u0142a Podstawowa nr 1 w Nowym S\u0105czu","og_description":"\u00a0Dokumenty niezb\u0119dne w procesie rekrutacji dost\u0119pne w odpowiednich zak\u0142adkach\u00a0 &nbsp;","og_url":"https:\/\/www.sp1nowysacz.pl\/index.php\/rekrutacja-2019-2020\/","og_site_name":"Szko\u0142a Podstawowa nr 1 w Nowym S\u0105czu","article_publisher":"https:\/\/pl-pl.facebook.com\/sp1nowysacz\/","article_modified_time":"2026-02-21T13:31:29+00:00","og_image":[{"width":900,"height":487,"url":"https:\/\/www.sp1nowysacz.pl\/wp-content\/uploads\/2024\/02\/rekrutacja-obrazek.jpg","type":"image\/jpeg"}],"twitter_card":"summary_large_image","twitter_misc":{"Szacowany czas czytania":"1 minuta"},"schema":{"@context":"https:\/\/schema.org","@graph":[{"@type":"WebPage","@id":"https:\/\/www.sp1nowysacz.pl\/index.php\/rekrutacja-2019-2020\/","url":"https:\/\/www.sp1nowysacz.pl\/index.php\/rekrutacja-2019-2020\/","name":"Rekrutacja 2026\/2027 &#8226; Szko\u0142a Podstawowa nr 1 w Nowym S\u0105czu","isPartOf":{"@id":"https:\/\/www.sp1nowysacz.pl\/#website"},"primaryImageOfPage":{"@id":"https:\/\/www.sp1nowysacz.pl\/index.php\/rekrutacja-2019-2020\/#primaryimage"},"image":{"@id":"https:\/\/www.sp1nowysacz.pl\/index.php\/rekrutacja-2019-2020\/#primaryimage"},"thumbnailUrl":"https:\/\/www.sp1nowysacz.pl\/wp-content\/uploads\/2024\/02\/rekrutacja-obrazek-300x162.jpg","datePublished":"2019-02-28T11:23:43+00:00","dateModified":"2026-02-21T13:31:29+00:00","breadcrumb":{"@id":"https:\/\/www.sp1nowysacz.pl\/index.php\/rekrutacja-2019-2020\/#breadcrumb"},"inLanguage":"pl-PL","potentialAction":[{"@type":"ReadAction","target":["https:\/\/www.sp1nowysacz.pl\/index.php\/rekrutacja-2019-2020\/"]}]},{"@type":"ImageObject","inLanguage":"pl-PL","@id":"https:\/\/www.sp1nowysacz.pl\/index.php\/rekrutacja-2019-2020\/#primaryimage","url":"https:\/\/www.sp1nowysacz.pl\/wp-content\/uploads\/2024\/02\/rekrutacja-obrazek.jpg","contentUrl":"https:\/\/www.sp1nowysacz.pl\/wp-content\/uploads\/2024\/02\/rekrutacja-obrazek.jpg","width":900,"height":487},{"@type":"BreadcrumbList","@id":"https:\/\/www.sp1nowysacz.pl\/index.php\/rekrutacja-2019-2020\/#breadcrumb","itemListElement":[{"@type":"ListItem","position":1,"name":"Strona g\u0142\u00f3wna","item":"https:\/\/www.sp1nowysacz.pl\/"},{"@type":"ListItem","position":2,"name":"Rekrutacja 2026\/2027"}]},{"@type":"WebSite","@id":"https:\/\/www.sp1nowysacz.pl\/#website","url":"https:\/\/www.sp1nowysacz.pl\/","name":"Szko\u0142a Podstawowa nr 1 w Nowym S\u0105czu","description":"sp1 Nowy S\u0105cz","publisher":{"@id":"https:\/\/www.sp1nowysacz.pl\/#organization"},"potentialAction":[{"@type":"SearchAction","target":{"@type":"EntryPoint","urlTemplate":"https:\/\/www.sp1nowysacz.pl\/?s={search_term_string}"},"query-input":{"@type":"PropertyValueSpecification","valueRequired":true,"valueName":"search_term_string"}}],"inLanguage":"pl-PL"},{"@type":"Organization","@id":"https:\/\/www.sp1nowysacz.pl\/#organization","name":"Zesp\u00f3\u0142 Szkolno-Przedszkolny nr 4 w Nowym S\u0105czu,Szko\u0142a Podstawowa nr 1 w Nowym S\u0105czu","url":"https:\/\/www.sp1nowysacz.pl\/","logo":{"@type":"ImageObject","inLanguage":"pl-PL","@id":"https:\/\/www.sp1nowysacz.pl\/#\/schema\/logo\/image\/","url":"https:\/\/www.sp1nowysacz.pl\/wp-content\/uploads\/2021\/09\/cropped-szyld-Recovered-1-scaled-1.jpg","contentUrl":"https:\/\/www.sp1nowysacz.pl\/wp-content\/uploads\/2021\/09\/cropped-szyld-Recovered-1-scaled-1.jpg","width":1600,"height":266,"caption":"Zesp\u00f3\u0142 Szkolno-Przedszkolny nr 4 w Nowym S\u0105czu,Szko\u0142a Podstawowa nr 1 w Nowym S\u0105czu"},"image":{"@id":"https:\/\/www.sp1nowysacz.pl\/#\/schema\/logo\/image\/"},"sameAs":["https:\/\/pl-pl.facebook.com\/sp1nowysacz\/"]}]}},"_links":{"self":[{"href":"https:\/\/www.sp1nowysacz.pl\/index.php\/wp-json\/wp\/v2\/pages\/5726","targetHints":{"allow":["GET"]}}],"collection":[{"href":"https:\/\/www.sp1nowysacz.pl\/index.php\/wp-json\/wp\/v2\/pages"}],"about":[{"href":"https:\/\/www.sp1nowysacz.pl\/index.php\/wp-json\/wp\/v2\/types\/page"}],"author":[{"embeddable":true,"href":"https:\/\/www.sp1nowysacz.pl\/index.php\/wp-json\/wp\/v2\/users\/3"}],"replies":[{"embeddable":true,"href":"https:\/\/www.sp1nowysacz.pl\/index.php\/wp-json\/wp\/v2\/comments?post=5726"}],"version-history":[{"count":1,"href":"https:\/\/www.sp1nowysacz.pl\/index.php\/wp-json\/wp\/v2\/pages\/5726\/revisions"}],"predecessor-version":[{"id":35897,"href":"https:\/\/www.sp1nowysacz.pl\/index.php\/wp-json\/wp\/v2\/pages\/5726\/revisions\/35897"}],"wp:attachment":[{"href":"https:\/\/www.sp1nowysacz.pl\/index.php\/wp-json\/wp\/v2\/media?parent=5726"}],"curies":[{"name":"wp","href":"https:\/\/api.w.org\/{rel}","templated":true}]}}