{"id":31545,"date":"2024-09-03T15:28:27","date_gmt":"2024-09-03T13:28:27","guid":{"rendered":"https:\/\/www.sp1nowysacz.pl\/?page_id=31545"},"modified":"2025-12-10T17:29:17","modified_gmt":"2025-12-10T16:29:17","slug":"wymagania-edukacyjne-klasa-8-2","status":"publish","type":"page","link":"https:\/\/www.sp1nowysacz.pl\/index.php\/wymagania-edukacyjne-klasa-8-2\/","title":{"rendered":"Wymagania edukacyjne klasa 8"},"content":{"rendered":"<ul>\n<li><img loading=\"lazy\" decoding=\"async\" class=\"size-full wp-image-31548 alignleft\" src=\"https:\/\/www.sp1nowysacz.pl\/wp-content\/uploads\/2024\/09\/zeszyt-8.jpg\" alt=\"\" width=\"206\" height=\"260\" \/><span style=\"font-size: 12pt;\">fizyka\u00a0 <a href=\"https:\/\/www.sp1nowysacz.pl\/wp-content\/uploads\/2025\/09\/Fizyka-klasa-8.pdf\">fizyka klasa 8<\/a><\/span><\/li>\n<li><span style=\"font-size: 12pt;\">matematyka <a href=\"https:\/\/www.sp1nowysacz.pl\/wp-content\/uploads\/2025\/09\/Matematyka-klasa-8.pdf\">matematyka klasa 8<\/a><\/span><\/li>\n<li><span style=\"font-size: 12pt;\">j\u0119zyk angielski <a href=\"https:\/\/www.sp1nowysacz.pl\/wp-content\/uploads\/2025\/09\/angielski-klasa-8.pdf\">angielski klasa 8<\/a><\/span><\/li>\n<li><span style=\"font-size: 12pt;\">j\u0119zyk niemiecki <a href=\"https:\/\/www.sp1nowysacz.pl\/wp-content\/uploads\/2025\/09\/Niemiecki-klasa-8.pdf\">niemiecki klasa 8<\/a><\/span><\/li>\n<li><span style=\"font-size: 12pt;\">j\u0119zyk polski <a href=\"https:\/\/www.sp1nowysacz.pl\/wp-content\/uploads\/2025\/09\/polski-klasa-8.pdf\">polski klasa 8<\/a><\/span><\/li>\n<li><span style=\"font-size: 12pt;\">biologia <a href=\"https:\/\/www.sp1nowysacz.pl\/wp-content\/uploads\/2025\/09\/biologia-klasa-8.pdf\">biologia klasa 8<\/a><\/span><\/li>\n<li><span style=\"font-size: 12pt;\">geografia <a href=\"https:\/\/www.sp1nowysacz.pl\/wp-content\/uploads\/2025\/09\/geografia-klasa-8.pdf\">geografia klasa 8<\/a><\/span><\/li>\n<li><span style=\"font-size: 12pt;\">wos <a href=\"https:\/\/www.sp1nowysacz.pl\/wp-content\/uploads\/2025\/09\/Wos-klasa-8-1.pdf\">Wos klasa 8<\/a><\/span><\/li>\n<li><span style=\"font-size: 12pt;\">historia <a href=\"https:\/\/www.sp1nowysacz.pl\/wp-content\/uploads\/2025\/09\/historia-klasa-8.pdf\">historia klasa 8<\/a><\/span><\/li>\n<li><span style=\"font-size: 12pt;\">chemia <a href=\"https:\/\/www.sp1nowysacz.pl\/wp-content\/uploads\/2025\/09\/Chemia-kl.-8-ZSP4-1.pdf\">chemia kl. 8\u00a0<\/a><\/span><\/li>\n<li><span style=\"font-size: 12pt;\">informatyka <a href=\"https:\/\/www.sp1nowysacz.pl\/wp-content\/uploads\/2025\/09\/Informatyka-klasa-8.pdf\">informatyka klasa 8<\/a><\/span><\/li>\n<li><span style=\"font-size: 12pt;\">edukacja dla bezpiecze\u0144stwa <a href=\"https:\/\/www.sp1nowysacz.pl\/wp-content\/uploads\/2025\/11\/Wymagania-edukacyjne-z-przedmiotu-edukacja-dla-bezpieczenstwa-klasa-VIII-2025.pdf\">edukacja dla bezpiecze\u0144stwa klasa 8<\/a><\/span><\/li>\n<li><span style=\"font-size: 12pt;\">wychowanie fizyczne <a href=\"https:\/\/www.sp1nowysacz.pl\/wp-content\/uploads\/2025\/09\/w-f-klasa-8.pdf\">w-f klasa 8<\/a><\/span><\/li>\n<\/ul>\n<p>&nbsp;<\/p>\n<div class=\"gsp_post_data\" data-post_type=\"page\" data-cat=\"\" data-modified=\"120\" data-title=\"Wymagania edukacyjne klasa 8\" data-home=\"https:\/\/www.sp1nowysacz.pl\"><\/div>","protected":false},"excerpt":{"rendered":"<p>fizyka\u00a0 fizyka klasa 8 matematyka matematyka klasa 8 j\u0119zyk angielski angielski klasa 8 j\u0119zyk niemiecki niemiecki klasa 8 j\u0119zyk polski polski klasa 8 biologia biologia klasa 8 geografia geografia klasa 8 wos Wos klasa 8 historia historia klasa 8 chemia chemia kl. 8\u00a0 informatyka informatyka klasa 8 edukacja dla bezpiecze\u0144stwa edukacja dla bezpiecze\u0144stwa klasa 8 wychowanie fizyczne w-f klasa 8<\/p>\n","protected":false},"author":5,"featured_media":0,"parent":0,"menu_order":0,"comment_status":"closed","ping_status":"closed","template":"","meta":{"footnotes":""},"class_list":["post-31545","page","type-page","status-publish","hentry"],"yoast_head":"<!-- This site is optimized with the Yoast SEO plugin v27.0 - https:\/\/yoast.com\/product\/yoast-seo-wordpress\/ -->\n<title>Wymagania edukacyjne klasa 8 &#8226; Szko\u0142a Podstawowa nr 1 w Nowym S\u0105czu<\/title>\n<meta name=\"robots\" content=\"index, follow, max-snippet:-1, max-image-preview:large, max-video-preview:-1\" \/>\n<link rel=\"canonical\" href=\"https:\/\/www.sp1nowysacz.pl\/index.php\/wymagania-edukacyjne-klasa-8-2\/\" \/>\n<meta property=\"og:locale\" content=\"pl_PL\" \/>\n<meta property=\"og:type\" content=\"article\" \/>\n<meta property=\"og:title\" content=\"Wymagania edukacyjne klasa 8 &#8226; Szko\u0142a Podstawowa nr 1 w Nowym S\u0105czu\" \/>\n<meta property=\"og:description\" content=\"fizyka\u00a0 fizyka klasa 8 matematyka matematyka klasa 8 j\u0119zyk angielski angielski klasa 8 j\u0119zyk niemiecki niemiecki klasa 8 j\u0119zyk polski polski klasa 8 biologia biologia klasa 8 geografia geografia klasa 8 wos Wos klasa 8 historia historia klasa 8 chemia chemia kl. 8\u00a0 informatyka informatyka klasa 8 edukacja dla bezpiecze\u0144stwa edukacja dla bezpiecze\u0144stwa klasa 8 wychowanie fizyczne w-f klasa 8\" \/>\n<meta property=\"og:url\" content=\"https:\/\/www.sp1nowysacz.pl\/index.php\/wymagania-edukacyjne-klasa-8-2\/\" \/>\n<meta property=\"og:site_name\" content=\"Szko\u0142a Podstawowa nr 1 w Nowym S\u0105czu\" \/>\n<meta property=\"article:publisher\" content=\"https:\/\/pl-pl.facebook.com\/sp1nowysacz\/\" \/>\n<meta property=\"article:modified_time\" content=\"2025-12-10T16:29:17+00:00\" \/>\n<meta property=\"og:image\" content=\"https:\/\/www.sp1nowysacz.pl\/wp-content\/uploads\/2024\/09\/zeszyt-8.jpg\" \/>\n\t<meta property=\"og:image:width\" content=\"206\" \/>\n\t<meta property=\"og:image:height\" content=\"260\" \/>\n\t<meta property=\"og:image:type\" content=\"image\/jpeg\" \/>\n<meta name=\"twitter:card\" content=\"summary_large_image\" \/>\n<meta name=\"twitter:label1\" content=\"Szacowany czas czytania\" \/>\n\t<meta name=\"twitter:data1\" content=\"1 minuta\" \/>\n<script type=\"application\/ld+json\" class=\"yoast-schema-graph\">{\"@context\":\"https:\/\/schema.org\",\"@graph\":[{\"@type\":\"WebPage\",\"@id\":\"https:\/\/www.sp1nowysacz.pl\/index.php\/wymagania-edukacyjne-klasa-8-2\/\",\"url\":\"https:\/\/www.sp1nowysacz.pl\/index.php\/wymagania-edukacyjne-klasa-8-2\/\",\"name\":\"Wymagania edukacyjne klasa 8 &#8226; Szko\u0142a Podstawowa nr 1 w Nowym S\u0105czu\",\"isPartOf\":{\"@id\":\"https:\/\/www.sp1nowysacz.pl\/#website\"},\"primaryImageOfPage\":{\"@id\":\"https:\/\/www.sp1nowysacz.pl\/index.php\/wymagania-edukacyjne-klasa-8-2\/#primaryimage\"},\"image\":{\"@id\":\"https:\/\/www.sp1nowysacz.pl\/index.php\/wymagania-edukacyjne-klasa-8-2\/#primaryimage\"},\"thumbnailUrl\":\"https:\/\/www.sp1nowysacz.pl\/wp-content\/uploads\/2024\/09\/zeszyt-8.jpg\",\"datePublished\":\"2024-09-03T13:28:27+00:00\",\"dateModified\":\"2025-12-10T16:29:17+00:00\",\"breadcrumb\":{\"@id\":\"https:\/\/www.sp1nowysacz.pl\/index.php\/wymagania-edukacyjne-klasa-8-2\/#breadcrumb\"},\"inLanguage\":\"pl-PL\",\"potentialAction\":[{\"@type\":\"ReadAction\",\"target\":[\"https:\/\/www.sp1nowysacz.pl\/index.php\/wymagania-edukacyjne-klasa-8-2\/\"]}]},{\"@type\":\"ImageObject\",\"inLanguage\":\"pl-PL\",\"@id\":\"https:\/\/www.sp1nowysacz.pl\/index.php\/wymagania-edukacyjne-klasa-8-2\/#primaryimage\",\"url\":\"https:\/\/www.sp1nowysacz.pl\/wp-content\/uploads\/2024\/09\/zeszyt-8.jpg\",\"contentUrl\":\"https:\/\/www.sp1nowysacz.pl\/wp-content\/uploads\/2024\/09\/zeszyt-8.jpg\",\"width\":206,\"height\":260},{\"@type\":\"BreadcrumbList\",\"@id\":\"https:\/\/www.sp1nowysacz.pl\/index.php\/wymagania-edukacyjne-klasa-8-2\/#breadcrumb\",\"itemListElement\":[{\"@type\":\"ListItem\",\"position\":1,\"name\":\"Strona g\u0142\u00f3wna\",\"item\":\"https:\/\/www.sp1nowysacz.pl\/\"},{\"@type\":\"ListItem\",\"position\":2,\"name\":\"Wymagania edukacyjne klasa 8\"}]},{\"@type\":\"WebSite\",\"@id\":\"https:\/\/www.sp1nowysacz.pl\/#website\",\"url\":\"https:\/\/www.sp1nowysacz.pl\/\",\"name\":\"Szko\u0142a Podstawowa nr 1 w Nowym S\u0105czu\",\"description\":\"sp1 Nowy S\u0105cz\",\"publisher\":{\"@id\":\"https:\/\/www.sp1nowysacz.pl\/#organization\"},\"potentialAction\":[{\"@type\":\"SearchAction\",\"target\":{\"@type\":\"EntryPoint\",\"urlTemplate\":\"https:\/\/www.sp1nowysacz.pl\/?s={search_term_string}\"},\"query-input\":{\"@type\":\"PropertyValueSpecification\",\"valueRequired\":true,\"valueName\":\"search_term_string\"}}],\"inLanguage\":\"pl-PL\"},{\"@type\":\"Organization\",\"@id\":\"https:\/\/www.sp1nowysacz.pl\/#organization\",\"name\":\"Zesp\u00f3\u0142 Szkolno-Przedszkolny nr 4 w Nowym S\u0105czu,Szko\u0142a Podstawowa nr 1 w Nowym S\u0105czu\",\"url\":\"https:\/\/www.sp1nowysacz.pl\/\",\"logo\":{\"@type\":\"ImageObject\",\"inLanguage\":\"pl-PL\",\"@id\":\"https:\/\/www.sp1nowysacz.pl\/#\/schema\/logo\/image\/\",\"url\":\"https:\/\/www.sp1nowysacz.pl\/wp-content\/uploads\/2021\/09\/cropped-szyld-Recovered-1-scaled-1.jpg\",\"contentUrl\":\"https:\/\/www.sp1nowysacz.pl\/wp-content\/uploads\/2021\/09\/cropped-szyld-Recovered-1-scaled-1.jpg\",\"width\":1600,\"height\":266,\"caption\":\"Zesp\u00f3\u0142 Szkolno-Przedszkolny nr 4 w Nowym S\u0105czu,Szko\u0142a Podstawowa nr 1 w Nowym S\u0105czu\"},\"image\":{\"@id\":\"https:\/\/www.sp1nowysacz.pl\/#\/schema\/logo\/image\/\"},\"sameAs\":[\"https:\/\/pl-pl.facebook.com\/sp1nowysacz\/\"]}]}<\/script>\n<!-- \/ Yoast SEO plugin. -->","yoast_head_json":{"title":"Wymagania edukacyjne klasa 8 &#8226; Szko\u0142a Podstawowa nr 1 w Nowym S\u0105czu","robots":{"index":"index","follow":"follow","max-snippet":"max-snippet:-1","max-image-preview":"max-image-preview:large","max-video-preview":"max-video-preview:-1"},"canonical":"https:\/\/www.sp1nowysacz.pl\/index.php\/wymagania-edukacyjne-klasa-8-2\/","og_locale":"pl_PL","og_type":"article","og_title":"Wymagania edukacyjne klasa 8 &#8226; Szko\u0142a Podstawowa nr 1 w Nowym S\u0105czu","og_description":"fizyka\u00a0 fizyka klasa 8 matematyka matematyka klasa 8 j\u0119zyk angielski angielski klasa 8 j\u0119zyk niemiecki niemiecki klasa 8 j\u0119zyk polski polski klasa 8 biologia biologia klasa 8 geografia geografia klasa 8 wos Wos klasa 8 historia historia klasa 8 chemia chemia kl. 8\u00a0 informatyka informatyka klasa 8 edukacja dla bezpiecze\u0144stwa edukacja dla bezpiecze\u0144stwa klasa 8 wychowanie fizyczne w-f klasa 8","og_url":"https:\/\/www.sp1nowysacz.pl\/index.php\/wymagania-edukacyjne-klasa-8-2\/","og_site_name":"Szko\u0142a Podstawowa nr 1 w Nowym S\u0105czu","article_publisher":"https:\/\/pl-pl.facebook.com\/sp1nowysacz\/","article_modified_time":"2025-12-10T16:29:17+00:00","og_image":[{"width":206,"height":260,"url":"https:\/\/www.sp1nowysacz.pl\/wp-content\/uploads\/2024\/09\/zeszyt-8.jpg","type":"image\/jpeg"}],"twitter_card":"summary_large_image","twitter_misc":{"Szacowany czas czytania":"1 minuta"},"schema":{"@context":"https:\/\/schema.org","@graph":[{"@type":"WebPage","@id":"https:\/\/www.sp1nowysacz.pl\/index.php\/wymagania-edukacyjne-klasa-8-2\/","url":"https:\/\/www.sp1nowysacz.pl\/index.php\/wymagania-edukacyjne-klasa-8-2\/","name":"Wymagania edukacyjne klasa 8 &#8226; Szko\u0142a Podstawowa nr 1 w Nowym S\u0105czu","isPartOf":{"@id":"https:\/\/www.sp1nowysacz.pl\/#website"},"primaryImageOfPage":{"@id":"https:\/\/www.sp1nowysacz.pl\/index.php\/wymagania-edukacyjne-klasa-8-2\/#primaryimage"},"image":{"@id":"https:\/\/www.sp1nowysacz.pl\/index.php\/wymagania-edukacyjne-klasa-8-2\/#primaryimage"},"thumbnailUrl":"https:\/\/www.sp1nowysacz.pl\/wp-content\/uploads\/2024\/09\/zeszyt-8.jpg","datePublished":"2024-09-03T13:28:27+00:00","dateModified":"2025-12-10T16:29:17+00:00","breadcrumb":{"@id":"https:\/\/www.sp1nowysacz.pl\/index.php\/wymagania-edukacyjne-klasa-8-2\/#breadcrumb"},"inLanguage":"pl-PL","potentialAction":[{"@type":"ReadAction","target":["https:\/\/www.sp1nowysacz.pl\/index.php\/wymagania-edukacyjne-klasa-8-2\/"]}]},{"@type":"ImageObject","inLanguage":"pl-PL","@id":"https:\/\/www.sp1nowysacz.pl\/index.php\/wymagania-edukacyjne-klasa-8-2\/#primaryimage","url":"https:\/\/www.sp1nowysacz.pl\/wp-content\/uploads\/2024\/09\/zeszyt-8.jpg","contentUrl":"https:\/\/www.sp1nowysacz.pl\/wp-content\/uploads\/2024\/09\/zeszyt-8.jpg","width":206,"height":260},{"@type":"BreadcrumbList","@id":"https:\/\/www.sp1nowysacz.pl\/index.php\/wymagania-edukacyjne-klasa-8-2\/#breadcrumb","itemListElement":[{"@type":"ListItem","position":1,"name":"Strona g\u0142\u00f3wna","item":"https:\/\/www.sp1nowysacz.pl\/"},{"@type":"ListItem","position":2,"name":"Wymagania edukacyjne klasa 8"}]},{"@type":"WebSite","@id":"https:\/\/www.sp1nowysacz.pl\/#website","url":"https:\/\/www.sp1nowysacz.pl\/","name":"Szko\u0142a Podstawowa nr 1 w Nowym S\u0105czu","description":"sp1 Nowy S\u0105cz","publisher":{"@id":"https:\/\/www.sp1nowysacz.pl\/#organization"},"potentialAction":[{"@type":"SearchAction","target":{"@type":"EntryPoint","urlTemplate":"https:\/\/www.sp1nowysacz.pl\/?s={search_term_string}"},"query-input":{"@type":"PropertyValueSpecification","valueRequired":true,"valueName":"search_term_string"}}],"inLanguage":"pl-PL"},{"@type":"Organization","@id":"https:\/\/www.sp1nowysacz.pl\/#organization","name":"Zesp\u00f3\u0142 Szkolno-Przedszkolny nr 4 w Nowym S\u0105czu,Szko\u0142a Podstawowa nr 1 w Nowym S\u0105czu","url":"https:\/\/www.sp1nowysacz.pl\/","logo":{"@type":"ImageObject","inLanguage":"pl-PL","@id":"https:\/\/www.sp1nowysacz.pl\/#\/schema\/logo\/image\/","url":"https:\/\/www.sp1nowysacz.pl\/wp-content\/uploads\/2021\/09\/cropped-szyld-Recovered-1-scaled-1.jpg","contentUrl":"https:\/\/www.sp1nowysacz.pl\/wp-content\/uploads\/2021\/09\/cropped-szyld-Recovered-1-scaled-1.jpg","width":1600,"height":266,"caption":"Zesp\u00f3\u0142 Szkolno-Przedszkolny nr 4 w Nowym S\u0105czu,Szko\u0142a Podstawowa nr 1 w Nowym S\u0105czu"},"image":{"@id":"https:\/\/www.sp1nowysacz.pl\/#\/schema\/logo\/image\/"},"sameAs":["https:\/\/pl-pl.facebook.com\/sp1nowysacz\/"]}]}},"_links":{"self":[{"href":"https:\/\/www.sp1nowysacz.pl\/index.php\/wp-json\/wp\/v2\/pages\/31545","targetHints":{"allow":["GET"]}}],"collection":[{"href":"https:\/\/www.sp1nowysacz.pl\/index.php\/wp-json\/wp\/v2\/pages"}],"about":[{"href":"https:\/\/www.sp1nowysacz.pl\/index.php\/wp-json\/wp\/v2\/types\/page"}],"author":[{"embeddable":true,"href":"https:\/\/www.sp1nowysacz.pl\/index.php\/wp-json\/wp\/v2\/users\/5"}],"replies":[{"embeddable":true,"href":"https:\/\/www.sp1nowysacz.pl\/index.php\/wp-json\/wp\/v2\/comments?post=31545"}],"version-history":[{"count":20,"href":"https:\/\/www.sp1nowysacz.pl\/index.php\/wp-json\/wp\/v2\/pages\/31545\/revisions"}],"predecessor-version":[{"id":35559,"href":"https:\/\/www.sp1nowysacz.pl\/index.php\/wp-json\/wp\/v2\/pages\/31545\/revisions\/35559"}],"wp:attachment":[{"href":"https:\/\/www.sp1nowysacz.pl\/index.php\/wp-json\/wp\/v2\/media?parent=31545"}],"curies":[{"name":"wp","href":"https:\/\/api.w.org\/{rel}","templated":true}]}}