{"id":16622,"date":"2021-10-07T00:21:07","date_gmt":"2021-10-06T22:21:07","guid":{"rendered":"http:\/\/www.sp1nowysacz.pl\/?page_id=16622"},"modified":"2025-11-05T22:10:36","modified_gmt":"2025-11-05T21:10:36","slug":"historia-szkoly","status":"publish","type":"page","link":"https:\/\/www.sp1nowysacz.pl\/index.php\/historia-szkoly\/","title":{"rendered":"Historia szko\u0142y"},"content":{"rendered":"<p style=\"text-align: center;\"><img loading=\"lazy\" decoding=\"async\" class=\"size-medium wp-image-16624 alignleft\" src=\"https:\/\/www.sp1nowysacz.pl\/wp-content\/uploads\/2021\/10\/historia-300x300.png\" alt=\"\" width=\"300\" height=\"300\" srcset=\"https:\/\/www.sp1nowysacz.pl\/wp-content\/uploads\/2021\/10\/historia-300x300.png 300w, https:\/\/www.sp1nowysacz.pl\/wp-content\/uploads\/2021\/10\/historia-150x150.png 150w, https:\/\/www.sp1nowysacz.pl\/wp-content\/uploads\/2021\/10\/historia-768x771.png 768w, https:\/\/www.sp1nowysacz.pl\/wp-content\/uploads\/2021\/10\/historia-90x90.png 90w, https:\/\/www.sp1nowysacz.pl\/wp-content\/uploads\/2021\/10\/historia-75x75.png 75w, https:\/\/www.sp1nowysacz.pl\/wp-content\/uploads\/2021\/10\/historia.png 735w\" sizes=\"auto, (max-width: 300px) 100vw, 300px\" \/><\/p>\n<ul>\n<li style=\"text-align: left;\"><strong>Informacje nt. budynku szko\u0142y <\/strong><a style=\"font-size: 0.95em;\" href=\"https:\/\/www.nowysacz.pl\/szkola-podstawowa-im-adama-mickiewicza-ul-dlugosza-nr-2\">LINK do strony<\/a><\/li>\n<li>Historia naszej szko\u0142y w pigu\u0142ce <a href=\"https:\/\/www.sp1nowysacz.pl\/wp-content\/uploads\/2025\/11\/Historia-naszej-szkoly-kronika.pdf\">kliknij tutaj<\/a><\/li>\n<\/ul>\n<ul>\n<li>Ksi\u0105\u017ceczka <strong style=\"font-size: 0.95em;\">Historia Szko\u0142y Podstawowej nr 1 im. Adama Mickiewicza<\/strong><\/li>\n<\/ul>\n<p>&nbsp;<\/p>\n<p style=\"text-align: left;\"><a href=\"https:\/\/www.sp1nowysacz.pl\/wp-content\/uploads\/2021\/10\/Ksiazeczka-Historia-SP1.pdf\"><img loading=\"lazy\" decoding=\"async\" class=\"aligncenter wp-image-27\" src=\"https:\/\/www.sp1nowysacz.pl\/wp-content\/uploads\/2017\/09\/indeks-300x86.jpg\" alt=\"\" width=\"71\" height=\"20\" srcset=\"https:\/\/www.sp1nowysacz.pl\/wp-content\/uploads\/2017\/09\/indeks-300x86.jpg 300w, https:\/\/www.sp1nowysacz.pl\/wp-content\/uploads\/2017\/09\/indeks.jpg 350w\" sizes=\"auto, (max-width: 71px) 100vw, 71px\" \/><\/a><\/p>\n<div class=\"gsp_post_data\" data-post_type=\"page\" data-cat=\"\" data-modified=\"120\" data-title=\"Historia szko\u0142y\" data-home=\"https:\/\/www.sp1nowysacz.pl\"><\/div>","protected":false},"excerpt":{"rendered":"<p>Informacje nt. budynku szko\u0142y LINK do strony Historia naszej szko\u0142y w pigu\u0142ce kliknij tutaj Ksi\u0105\u017ceczka Historia Szko\u0142y Podstawowej nr 1 im. Adama Mickiewicza &nbsp;<\/p>\n","protected":false},"author":4,"featured_media":0,"parent":0,"menu_order":0,"comment_status":"closed","ping_status":"closed","template":"","meta":{"footnotes":""},"class_list":["post-16622","page","type-page","status-publish","hentry"],"yoast_head":"<!-- This site is optimized with the Yoast SEO plugin v27.0 - https:\/\/yoast.com\/product\/yoast-seo-wordpress\/ -->\n<title>Historia szko\u0142y &#8226; Szko\u0142a Podstawowa nr 1 w Nowym S\u0105czu<\/title>\n<meta name=\"robots\" content=\"index, follow, max-snippet:-1, max-image-preview:large, max-video-preview:-1\" \/>\n<link rel=\"canonical\" href=\"https:\/\/www.sp1nowysacz.pl\/index.php\/historia-szkoly\/\" \/>\n<meta property=\"og:locale\" content=\"pl_PL\" \/>\n<meta property=\"og:type\" content=\"article\" \/>\n<meta property=\"og:title\" content=\"Historia szko\u0142y &#8226; Szko\u0142a Podstawowa nr 1 w Nowym S\u0105czu\" \/>\n<meta property=\"og:description\" content=\"Informacje nt. budynku szko\u0142y LINK do strony Historia naszej szko\u0142y w pigu\u0142ce kliknij tutaj Ksi\u0105\u017ceczka Historia Szko\u0142y Podstawowej nr 1 im. Adama Mickiewicza &nbsp;\" \/>\n<meta property=\"og:url\" content=\"https:\/\/www.sp1nowysacz.pl\/index.php\/historia-szkoly\/\" \/>\n<meta property=\"og:site_name\" content=\"Szko\u0142a Podstawowa nr 1 w Nowym S\u0105czu\" \/>\n<meta property=\"article:publisher\" content=\"https:\/\/pl-pl.facebook.com\/sp1nowysacz\/\" \/>\n<meta property=\"article:modified_time\" content=\"2025-11-05T21:10:36+00:00\" \/>\n<meta property=\"og:image\" content=\"https:\/\/www.sp1nowysacz.pl\/wp-content\/uploads\/2021\/10\/historia.png\" \/>\n\t<meta property=\"og:image:width\" content=\"735\" \/>\n\t<meta property=\"og:image:height\" content=\"738\" \/>\n\t<meta property=\"og:image:type\" content=\"image\/png\" \/>\n<meta name=\"twitter:card\" content=\"summary_large_image\" \/>\n<meta name=\"twitter:label1\" content=\"Szacowany czas czytania\" \/>\n\t<meta name=\"twitter:data1\" content=\"1 minuta\" \/>\n<script type=\"application\/ld+json\" class=\"yoast-schema-graph\">{\"@context\":\"https:\/\/schema.org\",\"@graph\":[{\"@type\":\"WebPage\",\"@id\":\"https:\/\/www.sp1nowysacz.pl\/index.php\/historia-szkoly\/\",\"url\":\"https:\/\/www.sp1nowysacz.pl\/index.php\/historia-szkoly\/\",\"name\":\"Historia szko\u0142y &#8226; Szko\u0142a Podstawowa nr 1 w Nowym S\u0105czu\",\"isPartOf\":{\"@id\":\"https:\/\/www.sp1nowysacz.pl\/#website\"},\"primaryImageOfPage\":{\"@id\":\"https:\/\/www.sp1nowysacz.pl\/index.php\/historia-szkoly\/#primaryimage\"},\"image\":{\"@id\":\"https:\/\/www.sp1nowysacz.pl\/index.php\/historia-szkoly\/#primaryimage\"},\"thumbnailUrl\":\"https:\/\/www.sp1nowysacz.pl\/wp-content\/uploads\/2021\/10\/historia-300x300.png\",\"datePublished\":\"2021-10-06T22:21:07+00:00\",\"dateModified\":\"2025-11-05T21:10:36+00:00\",\"breadcrumb\":{\"@id\":\"https:\/\/www.sp1nowysacz.pl\/index.php\/historia-szkoly\/#breadcrumb\"},\"inLanguage\":\"pl-PL\",\"potentialAction\":[{\"@type\":\"ReadAction\",\"target\":[\"https:\/\/www.sp1nowysacz.pl\/index.php\/historia-szkoly\/\"]}]},{\"@type\":\"ImageObject\",\"inLanguage\":\"pl-PL\",\"@id\":\"https:\/\/www.sp1nowysacz.pl\/index.php\/historia-szkoly\/#primaryimage\",\"url\":\"https:\/\/www.sp1nowysacz.pl\/wp-content\/uploads\/2021\/10\/historia.png\",\"contentUrl\":\"https:\/\/www.sp1nowysacz.pl\/wp-content\/uploads\/2021\/10\/historia.png\",\"width\":735,\"height\":738},{\"@type\":\"BreadcrumbList\",\"@id\":\"https:\/\/www.sp1nowysacz.pl\/index.php\/historia-szkoly\/#breadcrumb\",\"itemListElement\":[{\"@type\":\"ListItem\",\"position\":1,\"name\":\"Strona g\u0142\u00f3wna\",\"item\":\"https:\/\/www.sp1nowysacz.pl\/\"},{\"@type\":\"ListItem\",\"position\":2,\"name\":\"Historia szko\u0142y\"}]},{\"@type\":\"WebSite\",\"@id\":\"https:\/\/www.sp1nowysacz.pl\/#website\",\"url\":\"https:\/\/www.sp1nowysacz.pl\/\",\"name\":\"Szko\u0142a Podstawowa nr 1 w Nowym S\u0105czu\",\"description\":\"sp1 Nowy S\u0105cz\",\"publisher\":{\"@id\":\"https:\/\/www.sp1nowysacz.pl\/#organization\"},\"potentialAction\":[{\"@type\":\"SearchAction\",\"target\":{\"@type\":\"EntryPoint\",\"urlTemplate\":\"https:\/\/www.sp1nowysacz.pl\/?s={search_term_string}\"},\"query-input\":{\"@type\":\"PropertyValueSpecification\",\"valueRequired\":true,\"valueName\":\"search_term_string\"}}],\"inLanguage\":\"pl-PL\"},{\"@type\":\"Organization\",\"@id\":\"https:\/\/www.sp1nowysacz.pl\/#organization\",\"name\":\"Zesp\u00f3\u0142 Szkolno-Przedszkolny nr 4 w Nowym S\u0105czu,Szko\u0142a Podstawowa nr 1 w Nowym S\u0105czu\",\"url\":\"https:\/\/www.sp1nowysacz.pl\/\",\"logo\":{\"@type\":\"ImageObject\",\"inLanguage\":\"pl-PL\",\"@id\":\"https:\/\/www.sp1nowysacz.pl\/#\/schema\/logo\/image\/\",\"url\":\"https:\/\/www.sp1nowysacz.pl\/wp-content\/uploads\/2021\/09\/cropped-szyld-Recovered-1-scaled-1.jpg\",\"contentUrl\":\"https:\/\/www.sp1nowysacz.pl\/wp-content\/uploads\/2021\/09\/cropped-szyld-Recovered-1-scaled-1.jpg\",\"width\":1600,\"height\":266,\"caption\":\"Zesp\u00f3\u0142 Szkolno-Przedszkolny nr 4 w Nowym S\u0105czu,Szko\u0142a Podstawowa nr 1 w Nowym S\u0105czu\"},\"image\":{\"@id\":\"https:\/\/www.sp1nowysacz.pl\/#\/schema\/logo\/image\/\"},\"sameAs\":[\"https:\/\/pl-pl.facebook.com\/sp1nowysacz\/\"]}]}<\/script>\n<!-- \/ Yoast SEO plugin. -->","yoast_head_json":{"title":"Historia szko\u0142y &#8226; Szko\u0142a Podstawowa nr 1 w Nowym S\u0105czu","robots":{"index":"index","follow":"follow","max-snippet":"max-snippet:-1","max-image-preview":"max-image-preview:large","max-video-preview":"max-video-preview:-1"},"canonical":"https:\/\/www.sp1nowysacz.pl\/index.php\/historia-szkoly\/","og_locale":"pl_PL","og_type":"article","og_title":"Historia szko\u0142y &#8226; Szko\u0142a Podstawowa nr 1 w Nowym S\u0105czu","og_description":"Informacje nt. budynku szko\u0142y LINK do strony Historia naszej szko\u0142y w pigu\u0142ce kliknij tutaj Ksi\u0105\u017ceczka Historia Szko\u0142y Podstawowej nr 1 im. Adama Mickiewicza &nbsp;","og_url":"https:\/\/www.sp1nowysacz.pl\/index.php\/historia-szkoly\/","og_site_name":"Szko\u0142a Podstawowa nr 1 w Nowym S\u0105czu","article_publisher":"https:\/\/pl-pl.facebook.com\/sp1nowysacz\/","article_modified_time":"2025-11-05T21:10:36+00:00","og_image":[{"width":735,"height":738,"url":"https:\/\/www.sp1nowysacz.pl\/wp-content\/uploads\/2021\/10\/historia.png","type":"image\/png"}],"twitter_card":"summary_large_image","twitter_misc":{"Szacowany czas czytania":"1 minuta"},"schema":{"@context":"https:\/\/schema.org","@graph":[{"@type":"WebPage","@id":"https:\/\/www.sp1nowysacz.pl\/index.php\/historia-szkoly\/","url":"https:\/\/www.sp1nowysacz.pl\/index.php\/historia-szkoly\/","name":"Historia szko\u0142y &#8226; Szko\u0142a Podstawowa nr 1 w Nowym S\u0105czu","isPartOf":{"@id":"https:\/\/www.sp1nowysacz.pl\/#website"},"primaryImageOfPage":{"@id":"https:\/\/www.sp1nowysacz.pl\/index.php\/historia-szkoly\/#primaryimage"},"image":{"@id":"https:\/\/www.sp1nowysacz.pl\/index.php\/historia-szkoly\/#primaryimage"},"thumbnailUrl":"https:\/\/www.sp1nowysacz.pl\/wp-content\/uploads\/2021\/10\/historia-300x300.png","datePublished":"2021-10-06T22:21:07+00:00","dateModified":"2025-11-05T21:10:36+00:00","breadcrumb":{"@id":"https:\/\/www.sp1nowysacz.pl\/index.php\/historia-szkoly\/#breadcrumb"},"inLanguage":"pl-PL","potentialAction":[{"@type":"ReadAction","target":["https:\/\/www.sp1nowysacz.pl\/index.php\/historia-szkoly\/"]}]},{"@type":"ImageObject","inLanguage":"pl-PL","@id":"https:\/\/www.sp1nowysacz.pl\/index.php\/historia-szkoly\/#primaryimage","url":"https:\/\/www.sp1nowysacz.pl\/wp-content\/uploads\/2021\/10\/historia.png","contentUrl":"https:\/\/www.sp1nowysacz.pl\/wp-content\/uploads\/2021\/10\/historia.png","width":735,"height":738},{"@type":"BreadcrumbList","@id":"https:\/\/www.sp1nowysacz.pl\/index.php\/historia-szkoly\/#breadcrumb","itemListElement":[{"@type":"ListItem","position":1,"name":"Strona g\u0142\u00f3wna","item":"https:\/\/www.sp1nowysacz.pl\/"},{"@type":"ListItem","position":2,"name":"Historia szko\u0142y"}]},{"@type":"WebSite","@id":"https:\/\/www.sp1nowysacz.pl\/#website","url":"https:\/\/www.sp1nowysacz.pl\/","name":"Szko\u0142a Podstawowa nr 1 w Nowym S\u0105czu","description":"sp1 Nowy S\u0105cz","publisher":{"@id":"https:\/\/www.sp1nowysacz.pl\/#organization"},"potentialAction":[{"@type":"SearchAction","target":{"@type":"EntryPoint","urlTemplate":"https:\/\/www.sp1nowysacz.pl\/?s={search_term_string}"},"query-input":{"@type":"PropertyValueSpecification","valueRequired":true,"valueName":"search_term_string"}}],"inLanguage":"pl-PL"},{"@type":"Organization","@id":"https:\/\/www.sp1nowysacz.pl\/#organization","name":"Zesp\u00f3\u0142 Szkolno-Przedszkolny nr 4 w Nowym S\u0105czu,Szko\u0142a Podstawowa nr 1 w Nowym S\u0105czu","url":"https:\/\/www.sp1nowysacz.pl\/","logo":{"@type":"ImageObject","inLanguage":"pl-PL","@id":"https:\/\/www.sp1nowysacz.pl\/#\/schema\/logo\/image\/","url":"https:\/\/www.sp1nowysacz.pl\/wp-content\/uploads\/2021\/09\/cropped-szyld-Recovered-1-scaled-1.jpg","contentUrl":"https:\/\/www.sp1nowysacz.pl\/wp-content\/uploads\/2021\/09\/cropped-szyld-Recovered-1-scaled-1.jpg","width":1600,"height":266,"caption":"Zesp\u00f3\u0142 Szkolno-Przedszkolny nr 4 w Nowym S\u0105czu,Szko\u0142a Podstawowa nr 1 w Nowym S\u0105czu"},"image":{"@id":"https:\/\/www.sp1nowysacz.pl\/#\/schema\/logo\/image\/"},"sameAs":["https:\/\/pl-pl.facebook.com\/sp1nowysacz\/"]}]}},"_links":{"self":[{"href":"https:\/\/www.sp1nowysacz.pl\/index.php\/wp-json\/wp\/v2\/pages\/16622","targetHints":{"allow":["GET"]}}],"collection":[{"href":"https:\/\/www.sp1nowysacz.pl\/index.php\/wp-json\/wp\/v2\/pages"}],"about":[{"href":"https:\/\/www.sp1nowysacz.pl\/index.php\/wp-json\/wp\/v2\/types\/page"}],"author":[{"embeddable":true,"href":"https:\/\/www.sp1nowysacz.pl\/index.php\/wp-json\/wp\/v2\/users\/4"}],"replies":[{"embeddable":true,"href":"https:\/\/www.sp1nowysacz.pl\/index.php\/wp-json\/wp\/v2\/comments?post=16622"}],"version-history":[{"count":2,"href":"https:\/\/www.sp1nowysacz.pl\/index.php\/wp-json\/wp\/v2\/pages\/16622\/revisions"}],"predecessor-version":[{"id":35216,"href":"https:\/\/www.sp1nowysacz.pl\/index.php\/wp-json\/wp\/v2\/pages\/16622\/revisions\/35216"}],"wp:attachment":[{"href":"https:\/\/www.sp1nowysacz.pl\/index.php\/wp-json\/wp\/v2\/media?parent=16622"}],"curies":[{"name":"wp","href":"https:\/\/api.w.org\/{rel}","templated":true}]}}