{"id":14589,"date":"2021-02-21T11:30:58","date_gmt":"2021-02-21T10:30:58","guid":{"rendered":"http:\/\/www.sp1nowysacz.pl\/?page_id=14589"},"modified":"2026-02-21T14:30:21","modified_gmt":"2026-02-21T13:30:21","slug":"rekrutacja-szkola-podstawowa-2021-2022","status":"publish","type":"page","link":"https:\/\/www.sp1nowysacz.pl\/index.php\/rekrutacja-szkola-podstawowa-2021-2022\/","title":{"rendered":"Rekrutacja 2026\/2027 &#8211; szko\u0142a podstawowa"},"content":{"rendered":"<p><img loading=\"lazy\" decoding=\"async\" class=\"size-medium wp-image-24224 aligncenter\" src=\"https:\/\/www.sp1nowysacz.pl\/wp-content\/uploads\/2023\/02\/LOGO-SAMO-300x101.jpg\" alt=\"\" width=\"300\" height=\"101\" srcset=\"https:\/\/www.sp1nowysacz.pl\/wp-content\/uploads\/2023\/02\/LOGO-SAMO-300x101.jpg 300w, https:\/\/www.sp1nowysacz.pl\/wp-content\/uploads\/2023\/02\/LOGO-SAMO-1024x345.jpg 1024w, https:\/\/www.sp1nowysacz.pl\/wp-content\/uploads\/2023\/02\/LOGO-SAMO-768x259.jpg 768w, https:\/\/www.sp1nowysacz.pl\/wp-content\/uploads\/2023\/02\/LOGO-SAMO-1536x518.jpg 1536w, https:\/\/www.sp1nowysacz.pl\/wp-content\/uploads\/2023\/02\/LOGO-SAMO.jpg 1600w\" sizes=\"auto, (max-width: 300px) 100vw, 300px\" \/><\/p>\n<p style=\"text-align: center;\"><span style=\"font-size: 14pt;\"><img loading=\"lazy\" decoding=\"async\" class=\" wp-image-9430 alignleft\" src=\"https:\/\/www.sp1nowysacz.pl\/wp-content\/uploads\/2020\/03\/znak-informacja-i-info-ruchomy-obrazek-0007.gif\" alt=\"\" width=\"109\" height=\"109\" srcset=\"https:\/\/www.sp1nowysacz.pl\/wp-content\/uploads\/2020\/03\/znak-informacja-i-info-ruchomy-obrazek-0007.gif 125w, https:\/\/www.sp1nowysacz.pl\/wp-content\/uploads\/2020\/03\/znak-informacja-i-info-ruchomy-obrazek-0007-90x90.gif 90w, https:\/\/www.sp1nowysacz.pl\/wp-content\/uploads\/2020\/03\/znak-informacja-i-info-ruchomy-obrazek-0007-75x75.gif 75w\" sizes=\"auto, (max-width: 109px) 100vw, 109px\" \/><span style=\"color: #0000ff; font-size: 18pt;\"><strong>Rekrutacja do klas pierwszych<\/strong><\/span><\/span><\/p>\n<p style=\"text-align: center;\"><span style=\"font-size: 14pt;\"><span style=\"color: #0000ff; font-size: 18pt;\"><strong>w Szkole Podstawowej nr 1<\/strong><\/span><\/span><\/p>\n<p style=\"text-align: center;\"><span style=\"color: #0000ff; font-size: 18pt;\"><strong>\u00a0w roku szkolnym 2026\/2027<\/strong><\/span><\/p>\n<p>&nbsp;<\/p>\n<p>Drodzy Rodzice,<\/p>\n<p>bardzo prosz\u0119 zapozna\u0107 si\u0119 z Regulaminem Rekrutacji, w kt\u00f3rym opr\u00f3cz zasad przyj\u0119cia s\u0105 r\u00f3wnie\u017c podane terminy \u00a0oraz z wykazem ulic z obwodu szko\u0142y.<\/p>\n<p>&nbsp;<\/p>\n<p>Wykaz dokument\u00f3w, jakie nale\u017cy z\u0142o\u017cy\u0107 staraj\u0105c si\u0119 o przyj\u0119cie dziecka do klasy pierwszej:<\/p>\n<p>&nbsp;<\/p>\n<p>Dzieci zamieszka\u0142e w obwodzie szko\u0142y (prosz\u0119 wcze\u015bniej sprawdzi\u0107 w wykazie, czy adres zamieszkania jest w obwodzie szko\u0142y):<\/p>\n<p>&nbsp;<\/p>\n<ol>\n<li>Zg\u0142oszenie dziecka z obwodu do klasy I wraz z o\u015bwiadczeniem o miejscu zamieszkania (o\u015bwiadczenie jest do\u0142\u0105czone do zg\u0142oszenia).<\/li>\n<li>Informacja wst\u0119pna o korzystaniu dziecka ze \u015bwietlicy szkolnej.<\/li>\n<\/ol>\n<p>&nbsp;<\/p>\n<p>Dzieci zamieszka\u0142e poza obwodem szko\u0142y:<\/p>\n<p>&nbsp;<\/p>\n<ol>\n<li>Wniosek o przyj\u0119cie dziecka do klasy I.<\/li>\n<li>O\u015bwiadczenia niezb\u0119dne do potwierdzenia kryteri\u00f3w w post\u0119powaniu rekrutacyjnym.<\/li>\n<li>Informacja wst\u0119pna o korzystaniu dziecka ze \u015bwietlicy szkolnej.<\/li>\n<\/ol>\n<p>&nbsp;<\/p>\n<p>Dokumenty\u00a0 \u00a0prosz\u0119 \u00a0\u00a0sk\u0142ada\u0107 \u00a0w sekretariacie szko\u0142y, Nowy S\u0105cz ul. D\u0142ugosza 2 w godzinach od 7:30 do 14:30 (zgodnie z terminarzem zawartym w regulaminie).<\/p>\n<p>&nbsp;<\/p>\n<p><strong>WYKAZ DOKUMENT\u00d3W:<\/strong><\/p>\n<p><a href=\"https:\/\/www.sp1nowysacz.pl\/wp-content\/uploads\/2026\/02\/Regulamin-rekrutacji-szkola-podstawowa-2026.docx\">Regulamin rekrutacji szko\u0142a podstawowa 2026<\/a><\/p>\n<p><a href=\"https:\/\/www.sp1nowysacz.pl\/wp-content\/uploads\/2026\/02\/2026_wniosek_szkola.docx\">Wniosek o przyj\u0119cie do oddzia\u0142\u00f3w szkolnych 2026-2027<\/a><\/p>\n<p><a href=\"https:\/\/www.sp1nowysacz.pl\/wp-content\/uploads\/2026\/02\/2026_zgloszenie-do_szkola.docx\">Zg\u0142oszenie dziecka z obwodu 2026-2027<\/a><\/p>\n<p><a href=\"https:\/\/www.sp1nowysacz.pl\/wp-content\/uploads\/2026\/02\/Oswiadczenie-woli-przyjecia-do-klasy-1.docx\">O\u015bwiadczenie woli przyj\u0119cia do klasy 1<\/a><\/p>\n<ul>\n<li style=\"list-style-type: none;\"><\/li>\n<\/ul>\n<p>&nbsp;<\/p>\n<p><a href=\"https:\/\/www.sp1nowysacz.pl\/wp-content\/uploads\/2024\/02\/Obwod-Szkoly-Podstawowej-nr-1.pdf\">Obw\u00f3d Szko\u0142y Podstawowej nr 1<\/a><\/p>\n<p>&nbsp;<\/p>\n<div class=\"gsp_post_data\" data-post_type=\"page\" data-cat=\"\" data-modified=\"120\" data-title=\"Rekrutacja 2026\/2027 &#8211; szko\u0142a podstawowa\" data-home=\"https:\/\/www.sp1nowysacz.pl\"><\/div>","protected":false},"excerpt":{"rendered":"<p>Rekrutacja do klas pierwszych w Szkole Podstawowej nr 1 \u00a0w roku szkolnym 2026\/2027 &nbsp; Drodzy Rodzice, bardzo prosz\u0119 zapozna\u0107 si\u0119 z Regulaminem Rekrutacji, w kt\u00f3rym opr\u00f3cz zasad przyj\u0119cia s\u0105 r\u00f3wnie\u017c podane terminy \u00a0oraz z wykazem ulic z obwodu szko\u0142y. &nbsp; Wykaz dokument\u00f3w, jakie nale\u017cy z\u0142o\u017cy\u0107 staraj\u0105c si\u0119 o przyj\u0119cie dziecka do klasy pierwszej: &nbsp; Dzieci zamieszka\u0142e w obwodzie szko\u0142y (prosz\u0119<\/p>\n","protected":false},"author":4,"featured_media":0,"parent":0,"menu_order":0,"comment_status":"closed","ping_status":"closed","template":"","meta":{"footnotes":""},"class_list":["post-14589","page","type-page","status-publish","hentry"],"yoast_head":"<!-- This site is optimized with the Yoast SEO plugin v27.0 - https:\/\/yoast.com\/product\/yoast-seo-wordpress\/ -->\n<title>Rekrutacja 2026\/2027 - szko\u0142a podstawowa &#8226; Szko\u0142a Podstawowa nr 1 w Nowym S\u0105czu<\/title>\n<meta name=\"robots\" content=\"index, follow, max-snippet:-1, max-image-preview:large, max-video-preview:-1\" \/>\n<link rel=\"canonical\" href=\"https:\/\/www.sp1nowysacz.pl\/index.php\/rekrutacja-szkola-podstawowa-2021-2022\/\" \/>\n<meta property=\"og:locale\" content=\"pl_PL\" \/>\n<meta property=\"og:type\" content=\"article\" \/>\n<meta property=\"og:title\" content=\"Rekrutacja 2026\/2027 - szko\u0142a podstawowa &#8226; Szko\u0142a Podstawowa nr 1 w Nowym S\u0105czu\" \/>\n<meta property=\"og:description\" content=\"Rekrutacja do klas pierwszych w Szkole Podstawowej nr 1 \u00a0w roku szkolnym 2026\/2027 &nbsp; Drodzy Rodzice, bardzo prosz\u0119 zapozna\u0107 si\u0119 z Regulaminem Rekrutacji, w kt\u00f3rym opr\u00f3cz zasad przyj\u0119cia s\u0105 r\u00f3wnie\u017c podane terminy \u00a0oraz z wykazem ulic z obwodu szko\u0142y. &nbsp; Wykaz dokument\u00f3w, jakie nale\u017cy z\u0142o\u017cy\u0107 staraj\u0105c si\u0119 o przyj\u0119cie dziecka do klasy pierwszej: &nbsp; Dzieci zamieszka\u0142e w obwodzie szko\u0142y (prosz\u0119\" \/>\n<meta property=\"og:url\" content=\"https:\/\/www.sp1nowysacz.pl\/index.php\/rekrutacja-szkola-podstawowa-2021-2022\/\" \/>\n<meta property=\"og:site_name\" content=\"Szko\u0142a Podstawowa nr 1 w Nowym S\u0105czu\" \/>\n<meta property=\"article:publisher\" content=\"https:\/\/pl-pl.facebook.com\/sp1nowysacz\/\" \/>\n<meta property=\"article:modified_time\" content=\"2026-02-21T13:30:21+00:00\" \/>\n<meta property=\"og:image\" content=\"https:\/\/www.sp1nowysacz.pl\/wp-content\/uploads\/2023\/02\/LOGO-SAMO.jpg\" \/>\n\t<meta property=\"og:image:width\" content=\"1600\" \/>\n\t<meta property=\"og:image:height\" content=\"540\" \/>\n\t<meta property=\"og:image:type\" content=\"image\/jpeg\" \/>\n<meta name=\"twitter:card\" content=\"summary_large_image\" \/>\n<meta name=\"twitter:label1\" content=\"Szacowany czas czytania\" \/>\n\t<meta name=\"twitter:data1\" content=\"2 minuty\" \/>\n<script type=\"application\/ld+json\" class=\"yoast-schema-graph\">{\"@context\":\"https:\/\/schema.org\",\"@graph\":[{\"@type\":\"WebPage\",\"@id\":\"https:\/\/www.sp1nowysacz.pl\/index.php\/rekrutacja-szkola-podstawowa-2021-2022\/\",\"url\":\"https:\/\/www.sp1nowysacz.pl\/index.php\/rekrutacja-szkola-podstawowa-2021-2022\/\",\"name\":\"Rekrutacja 2026\/2027 - szko\u0142a podstawowa &#8226; Szko\u0142a Podstawowa nr 1 w Nowym S\u0105czu\",\"isPartOf\":{\"@id\":\"https:\/\/www.sp1nowysacz.pl\/#website\"},\"primaryImageOfPage\":{\"@id\":\"https:\/\/www.sp1nowysacz.pl\/index.php\/rekrutacja-szkola-podstawowa-2021-2022\/#primaryimage\"},\"image\":{\"@id\":\"https:\/\/www.sp1nowysacz.pl\/index.php\/rekrutacja-szkola-podstawowa-2021-2022\/#primaryimage\"},\"thumbnailUrl\":\"https:\/\/www.sp1nowysacz.pl\/wp-content\/uploads\/2023\/02\/LOGO-SAMO-300x101.jpg\",\"datePublished\":\"2021-02-21T10:30:58+00:00\",\"dateModified\":\"2026-02-21T13:30:21+00:00\",\"breadcrumb\":{\"@id\":\"https:\/\/www.sp1nowysacz.pl\/index.php\/rekrutacja-szkola-podstawowa-2021-2022\/#breadcrumb\"},\"inLanguage\":\"pl-PL\",\"potentialAction\":[{\"@type\":\"ReadAction\",\"target\":[\"https:\/\/www.sp1nowysacz.pl\/index.php\/rekrutacja-szkola-podstawowa-2021-2022\/\"]}]},{\"@type\":\"ImageObject\",\"inLanguage\":\"pl-PL\",\"@id\":\"https:\/\/www.sp1nowysacz.pl\/index.php\/rekrutacja-szkola-podstawowa-2021-2022\/#primaryimage\",\"url\":\"https:\/\/www.sp1nowysacz.pl\/wp-content\/uploads\/2023\/02\/LOGO-SAMO.jpg\",\"contentUrl\":\"https:\/\/www.sp1nowysacz.pl\/wp-content\/uploads\/2023\/02\/LOGO-SAMO.jpg\",\"width\":1600,\"height\":540},{\"@type\":\"BreadcrumbList\",\"@id\":\"https:\/\/www.sp1nowysacz.pl\/index.php\/rekrutacja-szkola-podstawowa-2021-2022\/#breadcrumb\",\"itemListElement\":[{\"@type\":\"ListItem\",\"position\":1,\"name\":\"Strona g\u0142\u00f3wna\",\"item\":\"https:\/\/www.sp1nowysacz.pl\/\"},{\"@type\":\"ListItem\",\"position\":2,\"name\":\"Rekrutacja 2026\/2027 &#8211; szko\u0142a podstawowa\"}]},{\"@type\":\"WebSite\",\"@id\":\"https:\/\/www.sp1nowysacz.pl\/#website\",\"url\":\"https:\/\/www.sp1nowysacz.pl\/\",\"name\":\"Szko\u0142a Podstawowa nr 1 w Nowym S\u0105czu\",\"description\":\"sp1 Nowy S\u0105cz\",\"publisher\":{\"@id\":\"https:\/\/www.sp1nowysacz.pl\/#organization\"},\"potentialAction\":[{\"@type\":\"SearchAction\",\"target\":{\"@type\":\"EntryPoint\",\"urlTemplate\":\"https:\/\/www.sp1nowysacz.pl\/?s={search_term_string}\"},\"query-input\":{\"@type\":\"PropertyValueSpecification\",\"valueRequired\":true,\"valueName\":\"search_term_string\"}}],\"inLanguage\":\"pl-PL\"},{\"@type\":\"Organization\",\"@id\":\"https:\/\/www.sp1nowysacz.pl\/#organization\",\"name\":\"Zesp\u00f3\u0142 Szkolno-Przedszkolny nr 4 w Nowym S\u0105czu,Szko\u0142a Podstawowa nr 1 w Nowym S\u0105czu\",\"url\":\"https:\/\/www.sp1nowysacz.pl\/\",\"logo\":{\"@type\":\"ImageObject\",\"inLanguage\":\"pl-PL\",\"@id\":\"https:\/\/www.sp1nowysacz.pl\/#\/schema\/logo\/image\/\",\"url\":\"https:\/\/www.sp1nowysacz.pl\/wp-content\/uploads\/2021\/09\/cropped-szyld-Recovered-1-scaled-1.jpg\",\"contentUrl\":\"https:\/\/www.sp1nowysacz.pl\/wp-content\/uploads\/2021\/09\/cropped-szyld-Recovered-1-scaled-1.jpg\",\"width\":1600,\"height\":266,\"caption\":\"Zesp\u00f3\u0142 Szkolno-Przedszkolny nr 4 w Nowym S\u0105czu,Szko\u0142a Podstawowa nr 1 w Nowym S\u0105czu\"},\"image\":{\"@id\":\"https:\/\/www.sp1nowysacz.pl\/#\/schema\/logo\/image\/\"},\"sameAs\":[\"https:\/\/pl-pl.facebook.com\/sp1nowysacz\/\"]}]}<\/script>\n<!-- \/ Yoast SEO plugin. -->","yoast_head_json":{"title":"Rekrutacja 2026\/2027 - szko\u0142a podstawowa &#8226; Szko\u0142a Podstawowa nr 1 w Nowym S\u0105czu","robots":{"index":"index","follow":"follow","max-snippet":"max-snippet:-1","max-image-preview":"max-image-preview:large","max-video-preview":"max-video-preview:-1"},"canonical":"https:\/\/www.sp1nowysacz.pl\/index.php\/rekrutacja-szkola-podstawowa-2021-2022\/","og_locale":"pl_PL","og_type":"article","og_title":"Rekrutacja 2026\/2027 - szko\u0142a podstawowa &#8226; Szko\u0142a Podstawowa nr 1 w Nowym S\u0105czu","og_description":"Rekrutacja do klas pierwszych w Szkole Podstawowej nr 1 \u00a0w roku szkolnym 2026\/2027 &nbsp; Drodzy Rodzice, bardzo prosz\u0119 zapozna\u0107 si\u0119 z Regulaminem Rekrutacji, w kt\u00f3rym opr\u00f3cz zasad przyj\u0119cia s\u0105 r\u00f3wnie\u017c podane terminy \u00a0oraz z wykazem ulic z obwodu szko\u0142y. &nbsp; Wykaz dokument\u00f3w, jakie nale\u017cy z\u0142o\u017cy\u0107 staraj\u0105c si\u0119 o przyj\u0119cie dziecka do klasy pierwszej: &nbsp; Dzieci zamieszka\u0142e w obwodzie szko\u0142y (prosz\u0119","og_url":"https:\/\/www.sp1nowysacz.pl\/index.php\/rekrutacja-szkola-podstawowa-2021-2022\/","og_site_name":"Szko\u0142a Podstawowa nr 1 w Nowym S\u0105czu","article_publisher":"https:\/\/pl-pl.facebook.com\/sp1nowysacz\/","article_modified_time":"2026-02-21T13:30:21+00:00","og_image":[{"width":1600,"height":540,"url":"https:\/\/www.sp1nowysacz.pl\/wp-content\/uploads\/2023\/02\/LOGO-SAMO.jpg","type":"image\/jpeg"}],"twitter_card":"summary_large_image","twitter_misc":{"Szacowany czas czytania":"2 minuty"},"schema":{"@context":"https:\/\/schema.org","@graph":[{"@type":"WebPage","@id":"https:\/\/www.sp1nowysacz.pl\/index.php\/rekrutacja-szkola-podstawowa-2021-2022\/","url":"https:\/\/www.sp1nowysacz.pl\/index.php\/rekrutacja-szkola-podstawowa-2021-2022\/","name":"Rekrutacja 2026\/2027 - szko\u0142a podstawowa &#8226; Szko\u0142a Podstawowa nr 1 w Nowym S\u0105czu","isPartOf":{"@id":"https:\/\/www.sp1nowysacz.pl\/#website"},"primaryImageOfPage":{"@id":"https:\/\/www.sp1nowysacz.pl\/index.php\/rekrutacja-szkola-podstawowa-2021-2022\/#primaryimage"},"image":{"@id":"https:\/\/www.sp1nowysacz.pl\/index.php\/rekrutacja-szkola-podstawowa-2021-2022\/#primaryimage"},"thumbnailUrl":"https:\/\/www.sp1nowysacz.pl\/wp-content\/uploads\/2023\/02\/LOGO-SAMO-300x101.jpg","datePublished":"2021-02-21T10:30:58+00:00","dateModified":"2026-02-21T13:30:21+00:00","breadcrumb":{"@id":"https:\/\/www.sp1nowysacz.pl\/index.php\/rekrutacja-szkola-podstawowa-2021-2022\/#breadcrumb"},"inLanguage":"pl-PL","potentialAction":[{"@type":"ReadAction","target":["https:\/\/www.sp1nowysacz.pl\/index.php\/rekrutacja-szkola-podstawowa-2021-2022\/"]}]},{"@type":"ImageObject","inLanguage":"pl-PL","@id":"https:\/\/www.sp1nowysacz.pl\/index.php\/rekrutacja-szkola-podstawowa-2021-2022\/#primaryimage","url":"https:\/\/www.sp1nowysacz.pl\/wp-content\/uploads\/2023\/02\/LOGO-SAMO.jpg","contentUrl":"https:\/\/www.sp1nowysacz.pl\/wp-content\/uploads\/2023\/02\/LOGO-SAMO.jpg","width":1600,"height":540},{"@type":"BreadcrumbList","@id":"https:\/\/www.sp1nowysacz.pl\/index.php\/rekrutacja-szkola-podstawowa-2021-2022\/#breadcrumb","itemListElement":[{"@type":"ListItem","position":1,"name":"Strona g\u0142\u00f3wna","item":"https:\/\/www.sp1nowysacz.pl\/"},{"@type":"ListItem","position":2,"name":"Rekrutacja 2026\/2027 &#8211; szko\u0142a podstawowa"}]},{"@type":"WebSite","@id":"https:\/\/www.sp1nowysacz.pl\/#website","url":"https:\/\/www.sp1nowysacz.pl\/","name":"Szko\u0142a Podstawowa nr 1 w Nowym S\u0105czu","description":"sp1 Nowy S\u0105cz","publisher":{"@id":"https:\/\/www.sp1nowysacz.pl\/#organization"},"potentialAction":[{"@type":"SearchAction","target":{"@type":"EntryPoint","urlTemplate":"https:\/\/www.sp1nowysacz.pl\/?s={search_term_string}"},"query-input":{"@type":"PropertyValueSpecification","valueRequired":true,"valueName":"search_term_string"}}],"inLanguage":"pl-PL"},{"@type":"Organization","@id":"https:\/\/www.sp1nowysacz.pl\/#organization","name":"Zesp\u00f3\u0142 Szkolno-Przedszkolny nr 4 w Nowym S\u0105czu,Szko\u0142a Podstawowa nr 1 w Nowym S\u0105czu","url":"https:\/\/www.sp1nowysacz.pl\/","logo":{"@type":"ImageObject","inLanguage":"pl-PL","@id":"https:\/\/www.sp1nowysacz.pl\/#\/schema\/logo\/image\/","url":"https:\/\/www.sp1nowysacz.pl\/wp-content\/uploads\/2021\/09\/cropped-szyld-Recovered-1-scaled-1.jpg","contentUrl":"https:\/\/www.sp1nowysacz.pl\/wp-content\/uploads\/2021\/09\/cropped-szyld-Recovered-1-scaled-1.jpg","width":1600,"height":266,"caption":"Zesp\u00f3\u0142 Szkolno-Przedszkolny nr 4 w Nowym S\u0105czu,Szko\u0142a Podstawowa nr 1 w Nowym S\u0105czu"},"image":{"@id":"https:\/\/www.sp1nowysacz.pl\/#\/schema\/logo\/image\/"},"sameAs":["https:\/\/pl-pl.facebook.com\/sp1nowysacz\/"]}]}},"_links":{"self":[{"href":"https:\/\/www.sp1nowysacz.pl\/index.php\/wp-json\/wp\/v2\/pages\/14589","targetHints":{"allow":["GET"]}}],"collection":[{"href":"https:\/\/www.sp1nowysacz.pl\/index.php\/wp-json\/wp\/v2\/pages"}],"about":[{"href":"https:\/\/www.sp1nowysacz.pl\/index.php\/wp-json\/wp\/v2\/types\/page"}],"author":[{"embeddable":true,"href":"https:\/\/www.sp1nowysacz.pl\/index.php\/wp-json\/wp\/v2\/users\/4"}],"replies":[{"embeddable":true,"href":"https:\/\/www.sp1nowysacz.pl\/index.php\/wp-json\/wp\/v2\/comments?post=14589"}],"version-history":[{"count":3,"href":"https:\/\/www.sp1nowysacz.pl\/index.php\/wp-json\/wp\/v2\/pages\/14589\/revisions"}],"predecessor-version":[{"id":35896,"href":"https:\/\/www.sp1nowysacz.pl\/index.php\/wp-json\/wp\/v2\/pages\/14589\/revisions\/35896"}],"wp:attachment":[{"href":"https:\/\/www.sp1nowysacz.pl\/index.php\/wp-json\/wp\/v2\/media?parent=14589"}],"curies":[{"name":"wp","href":"https:\/\/api.w.org\/{rel}","templated":true}]}}